{"id":316,"date":"2020-07-28T18:01:20","date_gmt":"2020-07-28T23:01:20","guid":{"rendered":"http:\/\/ftpabogados.com\/?page_id=316"},"modified":"2022-08-09T12:45:45","modified_gmt":"2022-08-09T17:45:45","slug":"franklin-travez-perez","status":"publish","type":"page","link":"https:\/\/ftpabogados.com\/index.php\/franklin-travez-perez\/","title":{"rendered":""},"content":{"rendered":"\t\t<div data-elementor-type=\"wp-page\" data-elementor-id=\"316\" class=\"elementor elementor-316\" data-elementor-post-type=\"page\">\n\t\t\t\t\t\t<section class=\"elementor-section elementor-top-section elementor-element elementor-element-ac758c2 elementor-section-boxed elementor-section-height-default elementor-section-height-default\" data-id=\"ac758c2\" data-element_type=\"section\" data-e-type=\"section\">\n\t\t\t\t\t\t<div class=\"elementor-container elementor-column-gap-default\">\n\t\t\t\t\t<div class=\"elementor-column elementor-col-100 elementor-top-column elementor-element elementor-element-77264ee\" data-id=\"77264ee\" data-element_type=\"column\" data-e-type=\"column\">\n\t\t\t<div class=\"elementor-widget-wrap elementor-element-populated\">\n\t\t\t\t\t\t<div class=\"elementor-element elementor-element-1875218 elementor-widget elementor-widget-heading\" data-id=\"1875218\" data-element_type=\"widget\" data-e-type=\"widget\" data-widget_type=\"heading.default\">\n\t\t\t\t<div class=\"elementor-widget-container\">\n\t\t\t\t\t<h1 class=\"elementor-heading-title elementor-size-default\"><a href=\"http:\/\/www.ftpabogados.com\" target=\"_blank\">EXPERIENCIA PROFESIONAL<\/a><\/h1>\t\t\t\t<\/div>\n\t\t\t\t<\/div>\n\t\t\t\t\t<\/div>\n\t\t<\/div>\n\t\t\t\t\t<\/div>\n\t\t<\/section>\n\t\t\t\t<section class=\"elementor-section elementor-top-section elementor-element elementor-element-634f3e3d elementor-section-boxed elementor-section-height-default elementor-section-height-default\" data-id=\"634f3e3d\" data-element_type=\"section\" data-e-type=\"section\">\n\t\t\t\t\t\t<div class=\"elementor-container elementor-column-gap-default\">\n\t\t\t\t\t<div class=\"elementor-column elementor-col-100 elementor-top-column elementor-element elementor-element-748a8775\" data-id=\"748a8775\" data-element_type=\"column\" data-e-type=\"column\">\n\t\t\t<div class=\"elementor-widget-wrap elementor-element-populated\">\n\t\t\t\t\t\t<div class=\"elementor-element elementor-element-25ae434 elementor-widget elementor-widget-image\" data-id=\"25ae434\" data-element_type=\"widget\" data-e-type=\"widget\" data-widget_type=\"image.default\">\n\t\t\t\t<div class=\"elementor-widget-container\">\n\t\t\t\t\t\t\t\t\t\t\t\t\t\t\t\t<a href=\"http:\/\/ftpabogados.com\/\">\n\t\t\t\t\t\t\t<img fetchpriority=\"high\" decoding=\"async\" width=\"800\" height=\"534\" src=\"https:\/\/ftpabogados.com\/wp-content\/uploads\/2020\/07\/FTP11-1024x683.jpg\" class=\"attachment-large size-large wp-image-143\" alt=\"Franklin Tr\u00e1vez P\u00e9rez\" srcset=\"https:\/\/ftpabogados.com\/wp-content\/uploads\/2020\/07\/FTP11-1024x683.jpg 1024w, https:\/\/ftpabogados.com\/wp-content\/uploads\/2020\/07\/FTP11-300x200.jpg 300w, https:\/\/ftpabogados.com\/wp-content\/uploads\/2020\/07\/FTP11-768x512.jpg 768w, https:\/\/ftpabogados.com\/wp-content\/uploads\/2020\/07\/FTP11-1200x801.jpg 1200w, https:\/\/ftpabogados.com\/wp-content\/uploads\/2020\/07\/FTP11.jpg 1280w\" sizes=\"(max-width: 800px) 100vw, 800px\" \/>\t\t\t\t\t\t\t\t<\/a>\n\t\t\t\t\t\t\t\t\t\t\t\t\t\t\t<\/div>\n\t\t\t\t<\/div>\n\t\t\t\t<div class=\"elementor-element elementor-element-6d2ef22 elementor-widget elementor-widget-text-editor\" data-id=\"6d2ef22\" data-element_type=\"widget\" data-e-type=\"widget\" data-widget_type=\"text-editor.default\">\n\t\t\t\t<div class=\"elementor-widget-container\">\n\t\t\t\t\t\t\t\t\t<a href=\"http:\/\/www.ftpabogados.com\" style=\"color:#FFFF\">Experiencia Profesional del Abogado Franklin Tr\u00e1vez P\u00e9rez en su libre ejercicio desde 2009<\/a>\t\t\t\t\t\t\t\t<\/div>\n\t\t\t\t<\/div>\n\t\t\t\t<section class=\"elementor-section elementor-inner-section elementor-element elementor-element-6ff72653 elementor-section-boxed elementor-section-height-default elementor-section-height-default\" data-id=\"6ff72653\" data-element_type=\"section\" data-e-type=\"section\">\n\t\t\t\t\t\t<div class=\"elementor-container elementor-column-gap-default\">\n\t\t\t\t\t<div class=\"elementor-column elementor-col-100 elementor-inner-column elementor-element elementor-element-59278a2a\" data-id=\"59278a2a\" data-element_type=\"column\" data-e-type=\"column\">\n\t\t\t<div class=\"elementor-widget-wrap elementor-element-populated\">\n\t\t\t\t\t\t<div class=\"elementor-element elementor-element-4864ff0b elementor-widget elementor-widget-heading\" data-id=\"4864ff0b\" data-element_type=\"widget\" data-e-type=\"widget\" data-widget_type=\"heading.default\">\n\t\t\t\t<div class=\"elementor-widget-container\">\n\t\t\t\t\t<h2 class=\"elementor-heading-title elementor-size-default\">Formaci\u00f3n Acad\u00e9mica<\/h2>\t\t\t\t<\/div>\n\t\t\t\t<\/div>\n\t\t\t\t<div class=\"elementor-element elementor-element-5a7660ab elementor-widget elementor-widget-text-editor\" data-id=\"5a7660ab\" data-element_type=\"widget\" data-e-type=\"widget\" data-widget_type=\"text-editor.default\">\n\t\t\t\t<div class=\"elementor-widget-container\">\n\t\t\t\t\t\t\t\t\t<ul>\n<li>ABOGADO POR LA UNIVERSIDAD CENTRAL DEL ECUADOR, 2009.<\/li>\n<li>ESPECIALISTA SUPERIOR EN DERECHO PROCESAL. UNIVERSIDAD ANDINA SIM\u00d3N BOL\u00cdVAR, 2012.<\/li>\n<li>M\u00c1STER EN ARGUMENTACI\u00d3N JUR\u00cdDICA POR LA UNIVERSIDAD DE ALICANTE (ESPA\u00d1A) Y POR LA UNIVERSIDAD DE PALERMO (ITALIA), 2018.<\/li><li>M\u00c1STER EN DERECHO PROCESAL POR LA UNIVERSIDAD ANDINA SIM\u00d3N BOLIVAR, 2022.<\/li>\n<\/ul>\t\t\t\t\t\t\t\t<\/div>\n\t\t\t\t<\/div>\n\t\t\t\t<div class=\"elementor-element elementor-element-7c9d81ea elementor-widget-divider--view-line elementor-widget elementor-widget-divider\" data-id=\"7c9d81ea\" data-element_type=\"widget\" data-e-type=\"widget\" data-widget_type=\"divider.default\">\n\t\t\t\t<div class=\"elementor-widget-container\">\n\t\t\t\t\t\t\t<div class=\"elementor-divider\">\n\t\t\t<span class=\"elementor-divider-separator\">\n\t\t\t\t\t\t<\/span>\n\t\t<\/div>\n\t\t\t\t\t\t<\/div>\n\t\t\t\t<\/div>\n\t\t\t\t<div class=\"elementor-element elementor-element-1e1a9f6d elementor-widget elementor-widget-heading\" data-id=\"1e1a9f6d\" data-element_type=\"widget\" data-e-type=\"widget\" data-widget_type=\"heading.default\">\n\t\t\t\t<div class=\"elementor-widget-container\">\n\t\t\t\t\t<h2 class=\"elementor-heading-title elementor-size-default\"><a href=\"https:\/\/www.linkedin.com\/in\/franklin-travez-perez-78264079\/\">Experiencia Profesional<\/a><\/h2>\t\t\t\t<\/div>\n\t\t\t\t<\/div>\n\t\t\t\t<div class=\"elementor-element elementor-element-3618d62f elementor-widget elementor-widget-text-editor\" data-id=\"3618d62f\" data-element_type=\"widget\" data-e-type=\"widget\" data-widget_type=\"text-editor.default\">\n\t\t\t\t<div class=\"elementor-widget-container\">\n\t\t\t\t\t\t\t\t\t<ul><li>ESTUDIO JUR\u00cdDICO SU\u00c1REZ. Dr. \u00c1yax Su\u00e1rez Murillo, asistente legal, \u00e1reas de practica: Materia civil, societaria y asesor\u00eda empresarial, enero 2005 &#8211; junio 2005.<\/li><li>FUNCI\u00d3N JUDICIAL. Juzgado Tercero de lo Civil de Pichincha. Experiencia materia procesal civil, junio 2005 &#8211; agosto 2006<\/li><li>BARRERA MOLINA &amp; ASOCIADOS CIA LTDA. Derecho civil. Litigios. Arbitraje y asesor\u00eda empresarial, septiembre 2006 &#8211; septiembre del 2009.<\/li><li>BANCO PROMERICA. Derecho Bancario y Financiero, aprobaci\u00f3n de medios de cr\u00e9dito, constituci\u00f3n de garant\u00edas, prendas etc., Revisi\u00f3n y seguimiento de procesos legales a los abogados externos. Apoyo legal a recursos humanos. oct 2009 &#8211; enero 2010.<\/li><li>BACLAW (BARRERA ANDRADE CEVALLOS ABOGADOS S.A). Pr\u00e1ctica profesional en las \u00e1reas del derecho contractual, derecho procesal, asesor\u00eda en el \u00e1rea laboral, cobranzas, arbitraje y mediaci\u00f3n. Derecho regulatorio. Asesor\u00eda legal general a varias instituciones del sistema financiero y de Econom\u00eda Popular y Solidaria, elaboraci\u00f3n de recursos administrativos ante entes de control. Asesor\u00eda legal a empresas constructoras locales y extrajeras. Pr\u00e1ctica del derecho en el \u00e1mbito fiduciario. Constituci\u00f3n de fideicomisos, encargos fiduciarios. febrero 2010- julio 2019<\/li><li>ABOGADO EN LIBRE EJERCICIO PROFESIONAL. FTP abogados. Julio 2019 hasta la actualidad<\/li><\/ul>\t\t\t\t\t\t\t\t<\/div>\n\t\t\t\t<\/div>\n\t\t\t\t<div class=\"elementor-element elementor-element-78878132 elementor-widget-divider--view-line elementor-widget elementor-widget-divider\" data-id=\"78878132\" data-element_type=\"widget\" data-e-type=\"widget\" data-widget_type=\"divider.default\">\n\t\t\t\t<div class=\"elementor-widget-container\">\n\t\t\t\t\t\t\t<div class=\"elementor-divider\">\n\t\t\t<span class=\"elementor-divider-separator\">\n\t\t\t\t\t\t<\/span>\n\t\t<\/div>\n\t\t\t\t\t\t<\/div>\n\t\t\t\t<\/div>\n\t\t\t\t<div class=\"elementor-element elementor-element-ee9a5d9 elementor-widget elementor-widget-heading\" data-id=\"ee9a5d9\" data-element_type=\"widget\" data-e-type=\"widget\" data-widget_type=\"heading.default\">\n\t\t\t\t<div class=\"elementor-widget-container\">\n\t\t\t\t\t<h2 class=\"elementor-heading-title elementor-size-default\"><a href=\"https:\/\/twitter.com\/franklin1929\">Capacitaci\u00f3n, Conferencias y Seminarios <\/a><\/h2>\t\t\t\t<\/div>\n\t\t\t\t<\/div>\n\t\t\t\t\t<\/div>\n\t\t<\/div>\n\t\t\t\t\t<\/div>\n\t\t<\/section>\n\t\t\t\t<div class=\"elementor-element elementor-element-5e29e60 elementor-widget elementor-widget-text-editor\" data-id=\"5e29e60\" data-element_type=\"widget\" data-e-type=\"widget\" data-widget_type=\"text-editor.default\">\n\t\t\t\t<div class=\"elementor-widget-container\">\n\t\t\t\t\t\t\t\t\t<ul><li><p>Participaciones activas de foros y congresos sobre derecho civil, laboral, contractual, derecho procesal, capacitaci\u00f3n continua para el perfeccionamiento en destrezas profesionales y persuasi\u00f3n para el litigio en sede judicial y arbitral, as\u00ed como en litigio complejo.<\/p><\/li><li><p>Capacitaci\u00f3n en \u00e1rea de arbitraje, asistiendo a conferencias nacionales e internacionales organizadas por los principales centros de arbitraje del pa\u00eds <em>(C\u00e1mara de Comercio de Quito, C\u00e1mara de Comercio Ecuatoriana Americana)<\/em> as\u00ed como por la ICC <em>(Internacional chamber of\u00a0 commerce)<\/em><\/p><\/li><\/ul>\t\t\t\t\t\t\t\t<\/div>\n\t\t\t\t<\/div>\n\t\t\t\t\t<\/div>\n\t\t<\/div>\n\t\t\t\t\t<\/div>\n\t\t<\/section>\n\t\t\t\t<\/div>\n\t\t","protected":false},"excerpt":{"rendered":"<p>EXPERIENCIA PROFESIONAL Experiencia Profesional del Abogado Franklin Tr\u00e1vez P\u00e9rez en su libre ejercicio desde 2009 Formaci\u00f3n Acad\u00e9mica ABOGADO POR LA UNIVERSIDAD CENTRAL DEL ECUADOR, 2009. ESPECIALISTA SUPERIOR EN DERECHO PROCESAL. UNIVERSIDAD ANDINA SIM\u00d3N BOL\u00cdVAR, 2012. M\u00c1STER EN ARGUMENTACI\u00d3N JUR\u00cdDICA POR LA UNIVERSIDAD DE ALICANTE (ESPA\u00d1A) Y POR LA UNIVERSIDAD DE PALERMO (ITALIA), 2018. M\u00c1STER EN [&hellip;]<\/p>\n","protected":false},"author":1,"featured_media":143,"parent":0,"menu_order":0,"comment_status":"closed","ping_status":"closed","template":"","meta":{"footnotes":""},"class_list":["post-316","page","type-page","status-publish","has-post-thumbnail","hentry"],"yoast_head":"<!-- This site is optimized with the Yoast SEO plugin v27.3 - https:\/\/yoast.com\/product\/yoast-seo-wordpress\/ -->\n<title>Abogado Litigante | FTP Abogados<\/title>\n<meta name=\"description\" content=\"Franklin Tr\u00e1vez P\u00e9rez, abogado litigante, con amplia experiencia en patrocinio de procesos judiciales, arbitraje y de mediaci\u00f3n.\" \/>\n<meta name=\"robots\" content=\"index, follow, max-snippet:-1, max-image-preview:large, max-video-preview:-1\" \/>\n<link rel=\"canonical\" href=\"https:\/\/ftpabogados.com\/index.php\/franklin-travez-perez\/\" \/>\n<meta property=\"og:locale\" content=\"es_MX\" \/>\n<meta property=\"og:type\" content=\"article\" \/>\n<meta property=\"og:title\" content=\"Abogado Litigante | FTP Abogados\" \/>\n<meta property=\"og:description\" content=\"Franklin Tr\u00e1vez P\u00e9rez, abogado litigante, con amplia experiencia en patrocinio de procesos judiciales, arbitraje y de mediaci\u00f3n.\" \/>\n<meta property=\"og:url\" content=\"https:\/\/ftpabogados.com\/index.php\/franklin-travez-perez\/\" \/>\n<meta property=\"og:site_name\" content=\"FTP Abogados\" \/>\n<meta property=\"article:modified_time\" content=\"2022-08-09T17:45:45+00:00\" \/>\n<meta property=\"og:image\" content=\"https:\/\/ftpabogados.com\/wp-content\/uploads\/2020\/07\/FTP11.jpg\" \/>\n\t<meta property=\"og:image:width\" content=\"1280\" \/>\n\t<meta property=\"og:image:height\" content=\"854\" \/>\n\t<meta property=\"og:image:type\" content=\"image\/jpeg\" \/>\n<meta name=\"twitter:card\" content=\"summary_large_image\" \/>\n<meta name=\"twitter:site\" content=\"@franklin1929\" \/>\n<meta name=\"twitter:label1\" content=\"Tiempo de lectura\" \/>\n\t<meta name=\"twitter:data1\" content=\"2 minutos\" \/>\n<script type=\"application\/ld+json\" class=\"yoast-schema-graph\">{\"@context\":\"https:\\\/\\\/schema.org\",\"@graph\":[{\"@type\":\"WebPage\",\"@id\":\"https:\\\/\\\/ftpabogados.com\\\/index.php\\\/franklin-travez-perez\\\/\",\"url\":\"https:\\\/\\\/ftpabogados.com\\\/index.php\\\/franklin-travez-perez\\\/\",\"name\":\"Abogado Litigante | FTP Abogados\",\"isPartOf\":{\"@id\":\"https:\\\/\\\/ftpabogados.com\\\/#website\"},\"primaryImageOfPage\":{\"@id\":\"https:\\\/\\\/ftpabogados.com\\\/index.php\\\/franklin-travez-perez\\\/#primaryimage\"},\"image\":{\"@id\":\"https:\\\/\\\/ftpabogados.com\\\/index.php\\\/franklin-travez-perez\\\/#primaryimage\"},\"thumbnailUrl\":\"https:\\\/\\\/ftpabogados.com\\\/wp-content\\\/uploads\\\/2020\\\/07\\\/FTP11.jpg\",\"datePublished\":\"2020-07-28T23:01:20+00:00\",\"dateModified\":\"2022-08-09T17:45:45+00:00\",\"description\":\"Franklin Tr\u00e1vez P\u00e9rez, abogado litigante, con amplia experiencia en patrocinio de procesos judiciales, arbitraje y de mediaci\u00f3n.\",\"inLanguage\":\"es\",\"potentialAction\":[{\"@type\":\"ReadAction\",\"target\":[\"https:\\\/\\\/ftpabogados.com\\\/index.php\\\/franklin-travez-perez\\\/\"]}]},{\"@type\":\"ImageObject\",\"inLanguage\":\"es\",\"@id\":\"https:\\\/\\\/ftpabogados.com\\\/index.php\\\/franklin-travez-perez\\\/#primaryimage\",\"url\":\"https:\\\/\\\/ftpabogados.com\\\/wp-content\\\/uploads\\\/2020\\\/07\\\/FTP11.jpg\",\"contentUrl\":\"https:\\\/\\\/ftpabogados.com\\\/wp-content\\\/uploads\\\/2020\\\/07\\\/FTP11.jpg\",\"width\":1280,\"height\":854,\"caption\":\"Abogado Franklin Tr\u00e1vez P\u00e9rez\"},{\"@type\":\"WebSite\",\"@id\":\"https:\\\/\\\/ftpabogados.com\\\/#website\",\"url\":\"https:\\\/\\\/ftpabogados.com\\\/\",\"name\":\"FTP Abogados\",\"description\":\"\",\"publisher\":{\"@id\":\"https:\\\/\\\/ftpabogados.com\\\/#organization\"},\"potentialAction\":[{\"@type\":\"SearchAction\",\"target\":{\"@type\":\"EntryPoint\",\"urlTemplate\":\"https:\\\/\\\/ftpabogados.com\\\/?s={search_term_string}\"},\"query-input\":{\"@type\":\"PropertyValueSpecification\",\"valueRequired\":true,\"valueName\":\"search_term_string\"}}],\"inLanguage\":\"es\"},{\"@type\":\"Organization\",\"@id\":\"https:\\\/\\\/ftpabogados.com\\\/#organization\",\"name\":\"FTP Abogados\",\"url\":\"https:\\\/\\\/ftpabogados.com\\\/\",\"logo\":{\"@type\":\"ImageObject\",\"inLanguage\":\"es\",\"@id\":\"https:\\\/\\\/ftpabogados.com\\\/#\\\/schema\\\/logo\\\/image\\\/\",\"url\":\"https:\\\/\\\/ftpabogados.com\\\/wp-content\\\/uploads\\\/2020\\\/07\\\/AF_LOGO-FRANKLIN-01.jpg\",\"contentUrl\":\"https:\\\/\\\/ftpabogados.com\\\/wp-content\\\/uploads\\\/2020\\\/07\\\/AF_LOGO-FRANKLIN-01.jpg\",\"width\":1754,\"height\":1241,\"caption\":\"FTP Abogados\"},\"image\":{\"@id\":\"https:\\\/\\\/ftpabogados.com\\\/#\\\/schema\\\/logo\\\/image\\\/\"},\"sameAs\":[\"https:\\\/\\\/x.com\\\/franklin1929\",\"https:\\\/\\\/www.linkedin.com\\\/in\\\/franklin-travez-perez-78264079\\\/\"]}]}<\/script>\n<!-- \/ Yoast SEO plugin. -->","yoast_head_json":{"title":"Abogado Litigante | FTP Abogados","description":"Franklin Tr\u00e1vez P\u00e9rez, abogado litigante, con amplia experiencia en patrocinio de procesos judiciales, arbitraje y de mediaci\u00f3n.","robots":{"index":"index","follow":"follow","max-snippet":"max-snippet:-1","max-image-preview":"max-image-preview:large","max-video-preview":"max-video-preview:-1"},"canonical":"https:\/\/ftpabogados.com\/index.php\/franklin-travez-perez\/","og_locale":"es_MX","og_type":"article","og_title":"Abogado Litigante | FTP Abogados","og_description":"Franklin Tr\u00e1vez P\u00e9rez, abogado litigante, con amplia experiencia en patrocinio de procesos judiciales, arbitraje y de mediaci\u00f3n.","og_url":"https:\/\/ftpabogados.com\/index.php\/franklin-travez-perez\/","og_site_name":"FTP Abogados","article_modified_time":"2022-08-09T17:45:45+00:00","og_image":[{"width":1280,"height":854,"url":"https:\/\/ftpabogados.com\/wp-content\/uploads\/2020\/07\/FTP11.jpg","type":"image\/jpeg"}],"twitter_card":"summary_large_image","twitter_site":"@franklin1929","twitter_misc":{"Tiempo de lectura":"2 minutos"},"schema":{"@context":"https:\/\/schema.org","@graph":[{"@type":"WebPage","@id":"https:\/\/ftpabogados.com\/index.php\/franklin-travez-perez\/","url":"https:\/\/ftpabogados.com\/index.php\/franklin-travez-perez\/","name":"Abogado Litigante | FTP Abogados","isPartOf":{"@id":"https:\/\/ftpabogados.com\/#website"},"primaryImageOfPage":{"@id":"https:\/\/ftpabogados.com\/index.php\/franklin-travez-perez\/#primaryimage"},"image":{"@id":"https:\/\/ftpabogados.com\/index.php\/franklin-travez-perez\/#primaryimage"},"thumbnailUrl":"https:\/\/ftpabogados.com\/wp-content\/uploads\/2020\/07\/FTP11.jpg","datePublished":"2020-07-28T23:01:20+00:00","dateModified":"2022-08-09T17:45:45+00:00","description":"Franklin Tr\u00e1vez P\u00e9rez, abogado litigante, con amplia experiencia en patrocinio de procesos judiciales, arbitraje y de mediaci\u00f3n.","inLanguage":"es","potentialAction":[{"@type":"ReadAction","target":["https:\/\/ftpabogados.com\/index.php\/franklin-travez-perez\/"]}]},{"@type":"ImageObject","inLanguage":"es","@id":"https:\/\/ftpabogados.com\/index.php\/franklin-travez-perez\/#primaryimage","url":"https:\/\/ftpabogados.com\/wp-content\/uploads\/2020\/07\/FTP11.jpg","contentUrl":"https:\/\/ftpabogados.com\/wp-content\/uploads\/2020\/07\/FTP11.jpg","width":1280,"height":854,"caption":"Abogado Franklin Tr\u00e1vez P\u00e9rez"},{"@type":"WebSite","@id":"https:\/\/ftpabogados.com\/#website","url":"https:\/\/ftpabogados.com\/","name":"FTP Abogados","description":"","publisher":{"@id":"https:\/\/ftpabogados.com\/#organization"},"potentialAction":[{"@type":"SearchAction","target":{"@type":"EntryPoint","urlTemplate":"https:\/\/ftpabogados.com\/?s={search_term_string}"},"query-input":{"@type":"PropertyValueSpecification","valueRequired":true,"valueName":"search_term_string"}}],"inLanguage":"es"},{"@type":"Organization","@id":"https:\/\/ftpabogados.com\/#organization","name":"FTP Abogados","url":"https:\/\/ftpabogados.com\/","logo":{"@type":"ImageObject","inLanguage":"es","@id":"https:\/\/ftpabogados.com\/#\/schema\/logo\/image\/","url":"https:\/\/ftpabogados.com\/wp-content\/uploads\/2020\/07\/AF_LOGO-FRANKLIN-01.jpg","contentUrl":"https:\/\/ftpabogados.com\/wp-content\/uploads\/2020\/07\/AF_LOGO-FRANKLIN-01.jpg","width":1754,"height":1241,"caption":"FTP Abogados"},"image":{"@id":"https:\/\/ftpabogados.com\/#\/schema\/logo\/image\/"},"sameAs":["https:\/\/x.com\/franklin1929","https:\/\/www.linkedin.com\/in\/franklin-travez-perez-78264079\/"]}]}},"_links":{"self":[{"href":"https:\/\/ftpabogados.com\/index.php\/wp-json\/wp\/v2\/pages\/316","targetHints":{"allow":["GET"]}}],"collection":[{"href":"https:\/\/ftpabogados.com\/index.php\/wp-json\/wp\/v2\/pages"}],"about":[{"href":"https:\/\/ftpabogados.com\/index.php\/wp-json\/wp\/v2\/types\/page"}],"author":[{"embeddable":true,"href":"https:\/\/ftpabogados.com\/index.php\/wp-json\/wp\/v2\/users\/1"}],"replies":[{"embeddable":true,"href":"https:\/\/ftpabogados.com\/index.php\/wp-json\/wp\/v2\/comments?post=316"}],"version-history":[{"count":34,"href":"https:\/\/ftpabogados.com\/index.php\/wp-json\/wp\/v2\/pages\/316\/revisions"}],"predecessor-version":[{"id":458,"href":"https:\/\/ftpabogados.com\/index.php\/wp-json\/wp\/v2\/pages\/316\/revisions\/458"}],"wp:featuredmedia":[{"embeddable":true,"href":"https:\/\/ftpabogados.com\/index.php\/wp-json\/wp\/v2\/media\/143"}],"wp:attachment":[{"href":"https:\/\/ftpabogados.com\/index.php\/wp-json\/wp\/v2\/media?parent=316"}],"curies":[{"name":"wp","href":"https:\/\/api.w.org\/{rel}","templated":true}]}}